{"id":12369,"date":"2017-03-08T13:44:35","date_gmt":"2017-03-08T12:44:35","guid":{"rendered":"https:\/\/serisan.com\/impresion-3d-gran-formato\/"},"modified":"2020-01-23T10:29:08","modified_gmt":"2020-01-23T09:29:08","slug":"3d-printing","status":"publish","type":"page","link":"https:\/\/serisan.com\/en\/3d-printing\/","title":{"rendered":"3D PRINTING"},"content":{"rendered":"\n<style type=\"text\/css\" data-created_by=\"avia_inline_auto\" id=\"style-css-av-av_section-f6398e46ea655f56267e6876deb0b27f\">\n.avia-section.av-av_section-f6398e46ea655f56267e6876deb0b27f{\nbackground-color:#494949;\nbackground-image:unset;\n}\n<\/style>\n<div id='av_section_1'  class='avia-section av-av_section-f6398e46ea655f56267e6876deb0b27f main_color avia-section-small avia-no-shadow  avia-builder-el-0  el_before_av_section  avia-builder-el-first  avia-bg-style-scroll container_wrap fullsize'  ><div class='container av-section-cont-open' ><main  role=\"main\" itemprop=\"mainContentOfPage\"  class='template-page content  av-content-full alpha units'><div class='post-entry post-entry-type-page post-entry-12369'><div class='entry-content-wrapper clearfix'>\n\n<style type=\"text\/css\" data-created_by=\"avia_inline_auto\" id=\"style-css-av-av_heading-ba26b2663ffc889cb8ec8d65bfbd8835\">\n#top .av-special-heading.av-av_heading-ba26b2663ffc889cb8ec8d65bfbd8835{\npadding-bottom:17px;\ncolor:#ffffff;\nfont-size:29px;\n}\nbody .av-special-heading.av-av_heading-ba26b2663ffc889cb8ec8d65bfbd8835 .av-special-heading-tag .heading-char{\nfont-size:25px;\n}\n#top #wrap_all .av-special-heading.av-av_heading-ba26b2663ffc889cb8ec8d65bfbd8835 .av-special-heading-tag{\nfont-size:29px;\n}\n.av-special-heading.av-av_heading-ba26b2663ffc889cb8ec8d65bfbd8835 .special-heading-inner-border{\nborder-color:#ffffff;\n}\n.av-special-heading.av-av_heading-ba26b2663ffc889cb8ec8d65bfbd8835 .av-subheading{\nfont-size:15px;\n}\n\n@media only screen and (min-width: 480px) and (max-width: 767px){ \n#top #wrap_all .av-special-heading.av-av_heading-ba26b2663ffc889cb8ec8d65bfbd8835 .av-special-heading-tag{\nfont-size:0.8em;\n}\n}\n\n@media only screen and (max-width: 479px){ \n#top #wrap_all .av-special-heading.av-av_heading-ba26b2663ffc889cb8ec8d65bfbd8835 .av-special-heading-tag{\nfont-size:0.8em;\n}\n}\n<\/style>\n<div  class='av-special-heading av-av_heading-ba26b2663ffc889cb8ec8d65bfbd8835 av-special-heading-h1 custom-color-heading blockquote modern-quote modern-centered  avia-builder-el-1  avia-builder-el-no-sibling  av-thin-font av-inherit-size'><h1 class='av-special-heading-tag'  itemprop=\"headline\"  > 3D <strong>SPECIALISTS IN LARGE FORMAT PRINTING<\/strong> <\/h1><div class=\"special-heading-border\"><div class=\"special-heading-inner-border\"><\/div><\/div><\/div>\n\n<\/div><\/div><\/main><!-- close content main element --><\/div><\/div>\n<style type=\"text\/css\" data-created_by=\"avia_inline_auto\" id=\"style-css-av-av_section-42a2a8e35e6094e52226e1d37b73eb86\">\n.avia-section.av-av_section-42a2a8e35e6094e52226e1d37b73eb86{\nbackground-color:#000000;\nbackground-image:unset;\n}\n<\/style>\n<div id='av_section_2'  class='avia-section av-av_section-42a2a8e35e6094e52226e1d37b73eb86 main_color avia-section-no-padding avia-no-border-styling  avia-builder-el-2  el_after_av_section  avia-builder-el-last  avia-bg-style-scroll container_wrap fullsize'  ><div class='container av-section-cont-open' ><div class='template-page content  av-content-full alpha units'><div class='post-entry post-entry-type-page post-entry-12369'><div class='entry-content-wrapper clearfix'>\n\n<style type=\"text\/css\" data-created_by=\"avia_inline_auto\" id=\"style-css-av-av_one_full-93407bb19249d2c06b1ab9d23b9661df\">\n#top .flex_column.av-av_one_full-93407bb19249d2c06b1ab9d23b9661df{\nmargin-top:0px;\nmargin-bottom:0px;\n}\n.flex_column.av-av_one_full-93407bb19249d2c06b1ab9d23b9661df{\nborder-radius:0px 0px 0px 0px;\npadding:0px 0px 0px 0px;\n}\n.responsive #top #wrap_all .flex_column.av-av_one_full-93407bb19249d2c06b1ab9d23b9661df{\nmargin-top:0px;\nmargin-bottom:0px;\n}\n<\/style>\n<div  class='flex_column av-av_one_full-93407bb19249d2c06b1ab9d23b9661df av_one_full  avia-builder-el-3  avia-builder-el-no-sibling  first flex_column_div av-zero-column-padding  '     ><div id='av-masonry-1' class='av-masonry av-av_masonry_gallery-206c5e31b55a4960f2313c85f0cd1870 noHover av-fixed-size av-large-gap av-hover-overlay-active av-masonry-animation-active av-masonry-col-3 av-caption-on-hover-hide av-caption-style-overlay av-masonry-gallery av-orientation-square ' data-post_id=\"12369\"><div class=\"av-masonry-container isotope av-js-disabled\"><div class='av-masonry-entry isotope-item av-masonry-item-no-image '><\/div><a href=\"https:\/\/serisan.com\/wp-content\/uploads\/2020\/01\/serisan-printer3d-.jpg\" data-srcset=\"https:\/\/serisan.com\/wp-content\/uploads\/2020\/01\/serisan-printer3d-.jpg 1000w, https:\/\/serisan.com\/wp-content\/uploads\/2020\/01\/serisan-printer3d--300x210.jpg 300w, https:\/\/serisan.com\/wp-content\/uploads\/2020\/01\/serisan-printer3d--768x538.jpg 768w, https:\/\/serisan.com\/wp-content\/uploads\/2020\/01\/serisan-printer3d--705x494.jpg 705w, https:\/\/serisan.com\/wp-content\/uploads\/2020\/01\/serisan-printer3d--450x315.jpg 450w\" data-sizes=\"(max-width: 1000px) 100vw, 1000px\"  aria-label=\"image PRINTER 3D LARGE FORMAT\"  id='av-masonry-1-item-15339' data-av-masonry-item='15339' class='av-masonry-entry isotope-item post-15339 attachment type-attachment status-inherit hentry  av-masonry-item-with-image' title=\"PRINTER 3D LARGE FORMAT\" alt=\"\"    itemprop=\"thumbnailUrl\" ><div class='av-inner-masonry-sizer'><\/div><figure class='av-inner-masonry main_color'><div class=\"av-masonry-outerimage-container\"><div class='av-masonry-image-container' style=\"background-image: url(https:\/\/serisan.com\/wp-content\/uploads\/2020\/01\/serisan-printer3d--705x494.jpg);\"  title=\"PRINTER 3D LARGE FORMAT\"  ><\/div><\/div><figcaption class='av-inner-masonry-content site-background'><div class='av-inner-masonry-content-pos'><div class='av-inner-masonry-content-pos-content'><div class='avia-arrow'><\/div><h3 class='av-masonry-entry-title entry-title '  itemprop=\"headline\" >PRINTER 3D LARGE FORMAT<\/h3><\/div><\/div><\/figcaption><\/figure><\/a><!--end av-masonry entry--><a href=\"https:\/\/serisan.com\/wp-content\/uploads\/2020\/01\/serisan-3d-design.jpg\" data-srcset=\"https:\/\/serisan.com\/wp-content\/uploads\/2020\/01\/serisan-3d-design.jpg 525w, https:\/\/serisan.com\/wp-content\/uploads\/2020\/01\/serisan-3d-design-225x300.jpg 225w, https:\/\/serisan.com\/wp-content\/uploads\/2020\/01\/serisan-3d-design-450x600.jpg 450w\" data-sizes=\"(max-width: 525px) 100vw, 525px\"  aria-label=\"image 3D DESIGN\"  id='av-masonry-1-item-15341' data-av-masonry-item='15341' class='av-masonry-entry isotope-item post-15341 attachment type-attachment status-inherit hentry  av-masonry-item-with-image' title=\"3D DESIGN\" alt=\"\"    itemprop=\"thumbnailUrl\" ><div class='av-inner-masonry-sizer'><\/div><figure class='av-inner-masonry main_color'><div class=\"av-masonry-outerimage-container\"><div class='av-masonry-image-container' style=\"background-image: url(https:\/\/serisan.com\/wp-content\/uploads\/2020\/01\/serisan-3d-design.jpg);\"  title=\"3D DESIGN\"  ><\/div><\/div><figcaption class='av-inner-masonry-content site-background'><div class='av-inner-masonry-content-pos'><div class='av-inner-masonry-content-pos-content'><div class='avia-arrow'><\/div><h3 class='av-masonry-entry-title entry-title '  itemprop=\"headline\" >3D DESIGN<\/h3><\/div><\/div><\/figcaption><\/figure><\/a><!--end av-masonry entry--><a href=\"https:\/\/serisan.com\/wp-content\/uploads\/2020\/01\/serisan-robot-3d-1030x688.jpg\" data-srcset=\"https:\/\/serisan.com\/wp-content\/uploads\/2020\/01\/serisan-robot-3d-1030x688.jpg 1030w, https:\/\/serisan.com\/wp-content\/uploads\/2020\/01\/serisan-robot-3d-300x200.jpg 300w, https:\/\/serisan.com\/wp-content\/uploads\/2020\/01\/serisan-robot-3d-768x513.jpg 768w, https:\/\/serisan.com\/wp-content\/uploads\/2020\/01\/serisan-robot-3d-705x471.jpg 705w, https:\/\/serisan.com\/wp-content\/uploads\/2020\/01\/serisan-robot-3d-450x301.jpg 450w, https:\/\/serisan.com\/wp-content\/uploads\/2020\/01\/serisan-robot-3d.jpg 1150w\" data-sizes=\"(max-width: 1030px) 100vw, 1030px\"  aria-label=\"image 3D EMBODIED \/ FICTIONAL\"  id='av-masonry-1-item-15343' data-av-masonry-item='15343' class='av-masonry-entry isotope-item post-15343 attachment type-attachment status-inherit hentry  av-masonry-item-with-image' title=\"3D EMBODIED \/ FICTIONAL\" alt=\"\"    itemprop=\"thumbnailUrl\" ><div class='av-inner-masonry-sizer'><\/div><figure class='av-inner-masonry main_color'><div class=\"av-masonry-outerimage-container\"><div class='av-masonry-image-container' style=\"background-image: url(https:\/\/serisan.com\/wp-content\/uploads\/2020\/01\/serisan-robot-3d-705x471.jpg);\"  title=\"3D EMBODIED \/ FICTIONAL\"  ><\/div><\/div><figcaption class='av-inner-masonry-content site-background'><div class='av-inner-masonry-content-pos'><div class='av-inner-masonry-content-pos-content'><div class='avia-arrow'><\/div><h3 class='av-masonry-entry-title entry-title '  itemprop=\"headline\" >3D EMBODIED \/ FICTIONAL<\/h3><\/div><\/div><\/figcaption><\/figure><\/a><!--end av-masonry entry--><a href=\"https:\/\/serisan.com\/wp-content\/uploads\/2020\/01\/wedding-letters-serisan-cantabria.jpg\" data-srcset=\"https:\/\/serisan.com\/wp-content\/uploads\/2020\/01\/wedding-letters-serisan-cantabria.jpg 1004w, https:\/\/serisan.com\/wp-content\/uploads\/2020\/01\/wedding-letters-serisan-cantabria-300x282.jpg 300w, https:\/\/serisan.com\/wp-content\/uploads\/2020\/01\/wedding-letters-serisan-cantabria-768x723.jpg 768w, https:\/\/serisan.com\/wp-content\/uploads\/2020\/01\/wedding-letters-serisan-cantabria-705x664.jpg 705w, https:\/\/serisan.com\/wp-content\/uploads\/2020\/01\/wedding-letters-serisan-cantabria-450x424.jpg 450w\" data-sizes=\"(max-width: 1004px) 100vw, 1004px\"  aria-label=\"image GIANT LETTERS\"  id='av-masonry-1-item-15323' data-av-masonry-item='15323' class='av-masonry-entry isotope-item post-15323 attachment type-attachment status-inherit hentry  av-masonry-item-with-image' title=\"GIANT LETTERS\" alt=\"\"    itemprop=\"thumbnailUrl\" ><div class='av-inner-masonry-sizer'><\/div><figure class='av-inner-masonry main_color'><div class=\"av-masonry-outerimage-container\"><div class='av-masonry-image-container' style=\"background-image: url(https:\/\/serisan.com\/wp-content\/uploads\/2020\/01\/wedding-letters-serisan-cantabria-705x664.jpg);\"  title=\"GIANT LETTERS\"  ><\/div><\/div><figcaption class='av-inner-masonry-content site-background'><div class='av-inner-masonry-content-pos'><div class='av-inner-masonry-content-pos-content'><div class='avia-arrow'><\/div><h3 class='av-masonry-entry-title entry-title '  itemprop=\"headline\" >GIANT LETTERS<\/h3><\/div><\/div><\/figcaption><\/figure><\/a><!--end av-masonry entry--><a href=\"https:\/\/serisan.com\/wp-content\/uploads\/2020\/01\/models-prototypes-and-molds.jpg\" data-srcset=\"https:\/\/serisan.com\/wp-content\/uploads\/2020\/01\/models-prototypes-and-molds.jpg 525w, https:\/\/serisan.com\/wp-content\/uploads\/2020\/01\/models-prototypes-and-molds-225x300.jpg 225w, https:\/\/serisan.com\/wp-content\/uploads\/2020\/01\/models-prototypes-and-molds-450x600.jpg 450w\" data-sizes=\"(max-width: 525px) 100vw, 525px\"  aria-label=\"image MODELS PROTOTYPES AND MOLDS\"  id='av-masonry-1-item-15345' data-av-masonry-item='15345' class='av-masonry-entry isotope-item post-15345 attachment type-attachment status-inherit hentry  av-masonry-item-with-image' title=\"MODELS PROTOTYPES AND MOLDS\" alt=\"\"    itemprop=\"thumbnailUrl\" ><div class='av-inner-masonry-sizer'><\/div><figure class='av-inner-masonry main_color'><div class=\"av-masonry-outerimage-container\"><div class='av-masonry-image-container' style=\"background-image: url(https:\/\/serisan.com\/wp-content\/uploads\/2020\/01\/models-prototypes-and-molds.jpg);\"  title=\"MODELS PROTOTYPES AND MOLDS\"  ><\/div><\/div><figcaption class='av-inner-masonry-content site-background'><div class='av-inner-masonry-content-pos'><div class='av-inner-masonry-content-pos-content'><div class='avia-arrow'><\/div><h3 class='av-masonry-entry-title entry-title '  itemprop=\"headline\" >MODELS PROTOTYPES AND MOLDS<\/h3><\/div><\/div><\/figcaption><\/figure><\/a><!--end av-masonry entry--><a href=\"https:\/\/serisan.com\/wp-content\/uploads\/2020\/01\/serisan-cardboard-stands-in-cantabria.jpg\" data-srcset=\"https:\/\/serisan.com\/wp-content\/uploads\/2020\/01\/serisan-cardboard-stands-in-cantabria.jpg 1000w, https:\/\/serisan.com\/wp-content\/uploads\/2020\/01\/serisan-cardboard-stands-in-cantabria-300x224.jpg 300w, https:\/\/serisan.com\/wp-content\/uploads\/2020\/01\/serisan-cardboard-stands-in-cantabria-768x574.jpg 768w, https:\/\/serisan.com\/wp-content\/uploads\/2020\/01\/serisan-cardboard-stands-in-cantabria-705x527.jpg 705w, https:\/\/serisan.com\/wp-content\/uploads\/2020\/01\/serisan-cardboard-stands-in-cantabria-450x336.jpg 450w\" data-sizes=\"(max-width: 1000px) 100vw, 1000px\"  aria-label=\"image CARDBOARD STANDS\"  id='av-masonry-1-item-15347' data-av-masonry-item='15347' class='av-masonry-entry isotope-item post-15347 attachment type-attachment status-inherit hentry  av-masonry-item-with-image' title=\"CARDBOARD STANDS\" alt=\"\"    itemprop=\"thumbnailUrl\" ><div class='av-inner-masonry-sizer'><\/div><figure class='av-inner-masonry main_color'><div class=\"av-masonry-outerimage-container\"><div class='av-masonry-image-container' style=\"background-image: url(https:\/\/serisan.com\/wp-content\/uploads\/2020\/01\/serisan-cardboard-stands-in-cantabria-705x527.jpg);\"  title=\"CARDBOARD STANDS\"  ><\/div><\/div><figcaption class='av-inner-masonry-content site-background'><div class='av-inner-masonry-content-pos'><div class='av-inner-masonry-content-pos-content'><div class='avia-arrow'><\/div><h3 class='av-masonry-entry-title entry-title '  itemprop=\"headline\" >CARDBOARD STANDS<\/h3><\/div><\/div><\/figcaption><\/figure><\/a><!--end av-masonry entry--><\/div><\/div><\/div>\n","protected":false},"excerpt":{"rendered":"","protected":false},"author":1,"featured_media":0,"parent":0,"menu_order":0,"comment_status":"closed","ping_status":"closed","template":"","meta":{"_monsterinsights_skip_tracking":false,"_monsterinsights_sitenote_active":false,"_monsterinsights_sitenote_note":"","_monsterinsights_sitenote_category":0,"_joinchat":[],"footnotes":""},"class_list":["post-12369","page","type-page","status-publish","hentry"],"yoast_head":"<!-- This site is optimized with the Yoast SEO plugin v27.4 - https:\/\/yoast.com\/product\/yoast-seo-wordpress\/ -->\n<title>Specialists in large format 3D printing, printing 3D Cantabria, large format 3D printers, large parts 3D printers, printing large parts Cantabria, major 3D printers Spain<\/title>\n<meta name=\"description\" content=\"Serisan advises you, designs and manufactures large pieces for visual merchandising, Specialists in large format 3D printing, printing 3D Cantabria, large format 3D printers, large pieces 3D printers, print large pieces Cantabria, major 3D printers Spain\" \/>\n<meta name=\"robots\" content=\"index, follow, max-snippet:-1, max-image-preview:large, max-video-preview:-1\" \/>\n<link rel=\"canonical\" href=\"https:\/\/serisan.com\/en\/3d-printing\/\" \/>\n<meta property=\"og:locale\" content=\"en_US\" \/>\n<meta property=\"og:type\" content=\"article\" \/>\n<meta property=\"og:title\" content=\"Specialists in large format 3D printing, printing 3D Cantabria, large format 3D printers, large parts 3D printers, printing large parts Cantabria, major 3D printers Spain\" \/>\n<meta property=\"og:description\" content=\"Serisan advises you, designs and manufactures large pieces for visual merchandising, Specialists in large format 3D printing, printing 3D Cantabria, large format 3D printers, large pieces 3D printers, print large pieces Cantabria, major 3D printers Spain\" \/>\n<meta property=\"og:url\" content=\"https:\/\/serisan.com\/en\/3d-printing\/\" \/>\n<meta property=\"og:site_name\" content=\"Serisan\" \/>\n<meta property=\"article:publisher\" content=\"https:\/\/www.facebook.com\/serisan2\/\" \/>\n<meta property=\"article:modified_time\" content=\"2020-01-23T09:29:08+00:00\" \/>\n<meta name=\"twitter:card\" content=\"summary_large_image\" \/>\n<meta name=\"twitter:site\" content=\"@serisan2\" \/>\n<meta name=\"twitter:label1\" content=\"Est. reading time\" \/>\n\t<meta name=\"twitter:data1\" content=\"2 minutes\" \/>\n<script type=\"application\/ld+json\" class=\"yoast-schema-graph\">{\"@context\":\"https:\\\/\\\/schema.org\",\"@graph\":[{\"@type\":\"WebPage\",\"@id\":\"https:\\\/\\\/serisan.com\\\/en\\\/3d-printing\\\/\",\"url\":\"https:\\\/\\\/serisan.com\\\/en\\\/3d-printing\\\/\",\"name\":\"Specialists in large format 3D printing, printing 3D Cantabria, large format 3D printers, large parts 3D printers, printing large parts Cantabria, major 3D printers Spain\",\"isPartOf\":{\"@id\":\"https:\\\/\\\/serisan.com\\\/#website\"},\"datePublished\":\"2017-03-08T12:44:35+00:00\",\"dateModified\":\"2020-01-23T09:29:08+00:00\",\"description\":\"Serisan advises you, designs and manufactures large pieces for visual merchandising, Specialists in large format 3D printing, printing 3D Cantabria, large format 3D printers, large pieces 3D printers, print large pieces Cantabria, major 3D printers Spain\",\"breadcrumb\":{\"@id\":\"https:\\\/\\\/serisan.com\\\/en\\\/3d-printing\\\/#breadcrumb\"},\"inLanguage\":\"en-US\",\"potentialAction\":[{\"@type\":\"ReadAction\",\"target\":[\"https:\\\/\\\/serisan.com\\\/en\\\/3d-printing\\\/\"]}]},{\"@type\":\"BreadcrumbList\",\"@id\":\"https:\\\/\\\/serisan.com\\\/en\\\/3d-printing\\\/#breadcrumb\",\"itemListElement\":[{\"@type\":\"ListItem\",\"position\":1,\"name\":\"Portada\",\"item\":\"https:\\\/\\\/serisan.com\\\/en\\\/home\\\/\"},{\"@type\":\"ListItem\",\"position\":2,\"name\":\"3D PRINTING\"}]},{\"@type\":\"WebSite\",\"@id\":\"https:\\\/\\\/serisan.com\\\/#website\",\"url\":\"https:\\\/\\\/serisan.com\\\/\",\"name\":\"Serisan\",\"description\":\"Serisan es una empresa de rotulaci\u00f3n en Cantabria y Santander. Ofrecemos servicios de dise\u00f1o gr\u00e1fico, rotulaci\u00f3n, marketing y mobiliario de cart\u00f3n.\",\"publisher\":{\"@id\":\"https:\\\/\\\/serisan.com\\\/#organization\"},\"potentialAction\":[{\"@type\":\"SearchAction\",\"target\":{\"@type\":\"EntryPoint\",\"urlTemplate\":\"https:\\\/\\\/serisan.com\\\/?s={search_term_string}\"},\"query-input\":{\"@type\":\"PropertyValueSpecification\",\"valueRequired\":true,\"valueName\":\"search_term_string\"}}],\"inLanguage\":\"en-US\"},{\"@type\":\"Organization\",\"@id\":\"https:\\\/\\\/serisan.com\\\/#organization\",\"name\":\"Serisan\",\"url\":\"https:\\\/\\\/serisan.com\\\/\",\"logo\":{\"@type\":\"ImageObject\",\"inLanguage\":\"en-US\",\"@id\":\"https:\\\/\\\/serisan.com\\\/#\\\/schema\\\/logo\\\/image\\\/\",\"url\":\"https:\\\/\\\/serisan.com\\\/wp-content\\\/uploads\\\/2025\\\/12\\\/logo-facebook-insta.jpg\",\"contentUrl\":\"https:\\\/\\\/serisan.com\\\/wp-content\\\/uploads\\\/2025\\\/12\\\/logo-facebook-insta.jpg\",\"width\":320,\"height\":320,\"caption\":\"Serisan\"},\"image\":{\"@id\":\"https:\\\/\\\/serisan.com\\\/#\\\/schema\\\/logo\\\/image\\\/\"},\"sameAs\":[\"https:\\\/\\\/www.facebook.com\\\/serisan2\\\/\",\"https:\\\/\\\/x.com\\\/serisan2\",\"https:\\\/\\\/www.instagram.com\\\/serisancomunicaciongrafica\\\/\",\"https:\\\/\\\/es.linkedin.com\\\/company\\\/serisan-s-a-\",\"https:\\\/\\\/www.pinterest.es\\\/serisan\\\/\",\"https:\\\/\\\/www.youtube.com\\\/channel\\\/UCmaEdlBwJHpuvaEn0mgS9_w\"]}]}<\/script>\n<!-- \/ Yoast SEO plugin. -->","yoast_head_json":{"title":"Specialists in large format 3D printing, printing 3D Cantabria, large format 3D printers, large parts 3D printers, printing large parts Cantabria, major 3D printers Spain","description":"Serisan advises you, designs and manufactures large pieces for visual merchandising, Specialists in large format 3D printing, printing 3D Cantabria, large format 3D printers, large pieces 3D printers, print large pieces Cantabria, major 3D printers Spain","robots":{"index":"index","follow":"follow","max-snippet":"max-snippet:-1","max-image-preview":"max-image-preview:large","max-video-preview":"max-video-preview:-1"},"canonical":"https:\/\/serisan.com\/en\/3d-printing\/","og_locale":"en_US","og_type":"article","og_title":"Specialists in large format 3D printing, printing 3D Cantabria, large format 3D printers, large parts 3D printers, printing large parts Cantabria, major 3D printers Spain","og_description":"Serisan advises you, designs and manufactures large pieces for visual merchandising, Specialists in large format 3D printing, printing 3D Cantabria, large format 3D printers, large pieces 3D printers, print large pieces Cantabria, major 3D printers Spain","og_url":"https:\/\/serisan.com\/en\/3d-printing\/","og_site_name":"Serisan","article_publisher":"https:\/\/www.facebook.com\/serisan2\/","article_modified_time":"2020-01-23T09:29:08+00:00","twitter_card":"summary_large_image","twitter_site":"@serisan2","twitter_misc":{"Est. reading time":"2 minutes"},"schema":{"@context":"https:\/\/schema.org","@graph":[{"@type":"WebPage","@id":"https:\/\/serisan.com\/en\/3d-printing\/","url":"https:\/\/serisan.com\/en\/3d-printing\/","name":"Specialists in large format 3D printing, printing 3D Cantabria, large format 3D printers, large parts 3D printers, printing large parts Cantabria, major 3D printers Spain","isPartOf":{"@id":"https:\/\/serisan.com\/#website"},"datePublished":"2017-03-08T12:44:35+00:00","dateModified":"2020-01-23T09:29:08+00:00","description":"Serisan advises you, designs and manufactures large pieces for visual merchandising, Specialists in large format 3D printing, printing 3D Cantabria, large format 3D printers, large pieces 3D printers, print large pieces Cantabria, major 3D printers Spain","breadcrumb":{"@id":"https:\/\/serisan.com\/en\/3d-printing\/#breadcrumb"},"inLanguage":"en-US","potentialAction":[{"@type":"ReadAction","target":["https:\/\/serisan.com\/en\/3d-printing\/"]}]},{"@type":"BreadcrumbList","@id":"https:\/\/serisan.com\/en\/3d-printing\/#breadcrumb","itemListElement":[{"@type":"ListItem","position":1,"name":"Portada","item":"https:\/\/serisan.com\/en\/home\/"},{"@type":"ListItem","position":2,"name":"3D PRINTING"}]},{"@type":"WebSite","@id":"https:\/\/serisan.com\/#website","url":"https:\/\/serisan.com\/","name":"Serisan","description":"Serisan es una empresa de rotulaci\u00f3n en Cantabria y Santander. Ofrecemos servicios de dise\u00f1o gr\u00e1fico, rotulaci\u00f3n, marketing y mobiliario de cart\u00f3n.","publisher":{"@id":"https:\/\/serisan.com\/#organization"},"potentialAction":[{"@type":"SearchAction","target":{"@type":"EntryPoint","urlTemplate":"https:\/\/serisan.com\/?s={search_term_string}"},"query-input":{"@type":"PropertyValueSpecification","valueRequired":true,"valueName":"search_term_string"}}],"inLanguage":"en-US"},{"@type":"Organization","@id":"https:\/\/serisan.com\/#organization","name":"Serisan","url":"https:\/\/serisan.com\/","logo":{"@type":"ImageObject","inLanguage":"en-US","@id":"https:\/\/serisan.com\/#\/schema\/logo\/image\/","url":"https:\/\/serisan.com\/wp-content\/uploads\/2025\/12\/logo-facebook-insta.jpg","contentUrl":"https:\/\/serisan.com\/wp-content\/uploads\/2025\/12\/logo-facebook-insta.jpg","width":320,"height":320,"caption":"Serisan"},"image":{"@id":"https:\/\/serisan.com\/#\/schema\/logo\/image\/"},"sameAs":["https:\/\/www.facebook.com\/serisan2\/","https:\/\/x.com\/serisan2","https:\/\/www.instagram.com\/serisancomunicaciongrafica\/","https:\/\/es.linkedin.com\/company\/serisan-s-a-","https:\/\/www.pinterest.es\/serisan\/","https:\/\/www.youtube.com\/channel\/UCmaEdlBwJHpuvaEn0mgS9_w"]}]}},"_links":{"self":[{"href":"https:\/\/serisan.com\/en\/wp-json\/wp\/v2\/pages\/12369","targetHints":{"allow":["GET"]}}],"collection":[{"href":"https:\/\/serisan.com\/en\/wp-json\/wp\/v2\/pages"}],"about":[{"href":"https:\/\/serisan.com\/en\/wp-json\/wp\/v2\/types\/page"}],"author":[{"embeddable":true,"href":"https:\/\/serisan.com\/en\/wp-json\/wp\/v2\/users\/1"}],"replies":[{"embeddable":true,"href":"https:\/\/serisan.com\/en\/wp-json\/wp\/v2\/comments?post=12369"}],"version-history":[{"count":0,"href":"https:\/\/serisan.com\/en\/wp-json\/wp\/v2\/pages\/12369\/revisions"}],"wp:attachment":[{"href":"https:\/\/serisan.com\/en\/wp-json\/wp\/v2\/media?parent=12369"}],"curies":[{"name":"wp","href":"https:\/\/api.w.org\/{rel}","templated":true}]}}